{"id":3,"date":"2024-03-15T11:33:07","date_gmt":"2024-03-15T11:33:07","guid":{"rendered":"https:\/\/theshadowedrune.com\/?page_id=3"},"modified":"2025-07-10T05:02:35","modified_gmt":"2025-07-10T03:02:35","slug":"politica-de-privacidad","status":"publish","type":"page","link":"https:\/\/theshadowedrune.com\/es\/politica-de-privacidad\/","title":{"rendered":"Pol\u00edtica de Privacidad"},"content":{"rendered":"[vc_row type=\u00bbin_container\u00bb full_screen_row_position=\u00bbmiddle\u00bb column_margin=\u00bbdefault\u00bb column_direction=\u00bbdefault\u00bb column_direction_tablet=\u00bbdefault\u00bb column_direction_phone=\u00bbdefault\u00bb scene_position=\u00bbcenter\u00bb text_color=\u00bbdark\u00bb text_align=\u00bbleft\u00bb row_border_radius=\u00bbnone\u00bb row_border_radius_applies=\u00bbbg\u00bb overflow=\u00bbvisible\u00bb overlay_strength=\u00bb0.3&#8243; gradient_direction=\u00bbleft_to_right\u00bb shape_divider_position=\u00bbbottom\u00bb bg_image_animation=\u00bbnone\u00bb][vc_column column_padding=\u00bbno-extra-padding\u00bb column_padding_tablet=\u00bbinherit\u00bb column_padding_phone=\u00bbinherit\u00bb column_padding_position=\u00bball\u00bb column_element_direction_desktop=\u00bbdefault\u00bb column_element_spacing=\u00bbdefault\u00bb desktop_text_alignment=\u00bbdefault\u00bb tablet_text_alignment=\u00bbdefault\u00bb phone_text_alignment=\u00bbdefault\u00bb background_color_opacity=\u00bb1&#8243; background_hover_color_opacity=\u00bb1&#8243; column_backdrop_filter=\u00bbnone\u00bb column_shadow=\u00bbnone\u00bb column_border_radius=\u00bbnone\u00bb column_link_target=\u00bb_self\u00bb column_position=\u00bbdefault\u00bb gradient_direction=\u00bbleft_to_right\u00bb overlay_strength=\u00bb0.3&#8243; width=\u00bb1\/1&#8243; tablet_width_inherit=\u00bbdefault\u00bb animation_type=\u00bbdefault\u00bb bg_image_animation=\u00bbnone\u00bb border_type=\u00bbsimple\u00bb column_border_width=\u00bbnone\u00bb column_border_style=\u00bbsolid\u00bb][vc_column_text css=\u00bb\u00bb text_direction=\u00bbdefault\u00bb]\n<h2>Quienes somos<\/h2>\n<p>La direcci\u00f3n de nuestra web es: https:\/theshadowedrune.com.<\/p>\n<h2>Comentarios<\/h2>\n<!-- \/wp:post-content -->\n<!-- wp:paragraph -->\n<p data-start=\"73\" data-end=\"316\">Cuando los visitantes dejan comentarios en el sitio, recopilamos los datos que se muestran en el formulario de comentarios, as\u00ed como la direcci\u00f3n IP del visitante y la cadena del agente de usuario del navegador, para ayudar a detectar el spam.<\/p>\n<p data-start=\"318\" data-end=\"703\" data-is-last-node=\"\" data-is-only-node=\"\">Una cadena anonimizada creada a partir de tu direcci\u00f3n de correo electr\u00f3nico (tambi\u00e9n llamada hash) puede ser proporcionada al servicio Gravatar para verificar si lo est\u00e1s utilizando. La pol\u00edtica de privacidad del servicio Gravatar est\u00e1 disponible aqu\u00ed: <a class=\"\" href=\"https:\/\/automattic.com\/privacy\/\" target=\"_new\" rel=\"noopener\" data-start=\"572\" data-end=\"603\">https:\/\/automattic.com\/privacy\/<\/a>. Una vez aprobado tu comentario, tu foto de perfil ser\u00e1 visible p\u00fablicamente junto a tu comentario.<\/p>\n<!-- \/wp:paragraph -->\n<!-- wp:heading -->\n<h2>Multimedia<\/h2>\n<!-- \/wp:heading -->\n<p><!-- wp:paragraph -->Si subes im\u00e1genes al sitio web, deber\u00edas evitar subir im\u00e1genes que contengan datos de ubicaci\u00f3n incrustados (EXIF GPS). Los visitantes del sitio web pueden descargar y extraer cualquier dato de ubicaci\u00f3n de las im\u00e1genes publicadas en el sitio.<\/p>\n<!-- \/wp:paragraph -->\n<!-- wp:heading -->\n<h2>Cookies<\/h2>\n<!-- \/wp:heading -->\n<!-- wp:paragraph -->\n<p data-start=\"0\" data-end=\"271\">Si dejas un comentario en nuestro sitio, puedes optar por guardar tu nombre, direcci\u00f3n de correo electr\u00f3nico y sitio web en cookies. Esto es para tu comodidad, para que no tengas que volver a completar tus datos cuando dejes otro comentario. Estas cookies durar\u00e1n un a\u00f1o.<\/p>\n<p data-start=\"273\" data-end=\"485\">Si visitas nuestra p\u00e1gina de inicio de sesi\u00f3n, estableceremos una cookie temporal para determinar si tu navegador acepta cookies. Esta cookie no contiene datos personales y se elimina cuando cierras tu navegador.<\/p>\n<p data-start=\"487\" data-end=\"901\">Cuando inicies sesi\u00f3n, tambi\u00e9n configuraremos varias cookies para guardar tu informaci\u00f3n de inicio de sesi\u00f3n y tus preferencias de visualizaci\u00f3n de pantalla. Las cookies de inicio de sesi\u00f3n duran dos d\u00edas y las cookies de opciones de pantalla duran un a\u00f1o. Si seleccionas \u201cRecu\u00e9rdame\u201d, tu sesi\u00f3n permanecer\u00e1 activa durante dos semanas. Si cierras sesi\u00f3n en tu cuenta, las cookies de inicio de sesi\u00f3n se eliminar\u00e1n.<\/p>\n<p data-start=\"903\" data-end=\"1132\" data-is-last-node=\"\" data-is-only-node=\"\">Si editas o publicas un art\u00edculo, se guardar\u00e1 una cookie adicional en tu navegador. Esta cookie no contiene datos personales y simplemente indica el ID de la publicaci\u00f3n del art\u00edculo que acabas de editar. Expira despu\u00e9s de 1 d\u00eda.<\/p>\n<!-- \/wp:paragraph -->\n<!-- wp:heading -->\n<h2>Contenido incrustado de otros sitios web<\/h2>\n<!-- \/wp:heading -->\n<!-- wp:paragraph -->\n<p data-start=\"0\" data-end=\"271\">Los art\u00edculos en este sitio pueden incluir contenido incrustado (por ejemplo, videos, im\u00e1genes, art\u00edculos, etc.). El contenido incrustado de otros sitios web se comporta exactamente de la misma forma que si el visitante hubiera accedido directamente a ese otro sitio web.<\/p>\n<p data-start=\"273\" data-end=\"544\" data-is-last-node=\"\" data-is-only-node=\"\">Estos sitios web pueden recopilar datos sobre ti, usar cookies, incorporar seguimiento adicional de terceros y monitorear tu interacci\u00f3n con ese contenido incrustado, incluyendo el seguimiento de tu interacci\u00f3n si tienes una cuenta y has iniciado sesi\u00f3n en ese sitio web.<\/p>\n<!-- \/wp:paragraph -->\n<!-- wp:heading -->\n<h2>Con quien compartimos tus datos<\/h2>\n<!-- \/wp:heading -->\n<p><!-- wp:paragraph -->Si solicitas restablecer tu contrase\u00f1a, tu direcci\u00f3n IP ser\u00e1 incluida en el correo electr\u00f3nico de restablecimiento.<\/p>\n<!-- \/wp:paragraph -->\n<!-- wp:heading -->\n<h2>Cuanto tiempo retenemos tus datos<\/h2>\n<!-- \/wp:heading -->\n<!-- wp:paragraph -->\n<p data-start=\"0\" data-end=\"227\">Si dejas un comentario, el comentario y sus metadatos se conservan de forma indefinida. Esto nos permite reconocer y aprobar autom\u00e1ticamente cualquier comentario de seguimiento, en lugar de mantenerlo en una cola de moderaci\u00f3n.<\/p>\n<p data-start=\"229\" data-end=\"611\" data-is-last-node=\"\" data-is-only-node=\"\">Para los usuarios que se registren en nuestro sitio web (si los hay), tambi\u00e9n almacenamos la informaci\u00f3n personal que proporcionan en su perfil de usuario. Todos los usuarios pueden ver, editar o eliminar su informaci\u00f3n personal en cualquier momento (excepto que no pueden cambiar su nombre de usuario). Los administradores del sitio web tambi\u00e9n pueden ver y editar esa informaci\u00f3n.<\/p>\n<!-- \/wp:paragraph -->\n<!-- wp:heading -->\n<h2>Qu\u00e9 derechos tienes sobre tus datos<\/h2>\n<!-- \/wp:heading -->\n<p><!-- wp:paragraph -->Si tienes una cuenta en este sitio o has dejado comentarios, puedes solicitar recibir un archivo exportado con los datos personales que tenemos sobre ti, incluyendo cualquier informaci\u00f3n que nos hayas proporcionado. Tambi\u00e9n puedes solicitar que eliminemos cualquier dato personal que tengamos sobre ti. Esto no incluye los datos que estamos obligados a conservar por motivos administrativos, legales o de seguridad.<\/p>\n<!-- \/wp:paragraph -->\n<!-- wp:heading -->\n<h2>A d\u00f3nde se env\u00edan tus datos<\/h2>\n<!-- \/wp:heading -->\n<p><!-- wp:paragraph -->Los comentarios de los visitantes pueden ser revisados mediante un servicio automatizado de detecci\u00f3n de spam.<\/p>\n<!-- \/wp:paragraph -->\n<p>&nbsp;<\/p>\n[\/vc_column_text][\/vc_column][\/vc_row]\n","protected":false},"excerpt":{"rendered":"<p>[vc_row type=\u00bbin_container\u00bb full_screen_row_position=\u00bbmiddle\u00bb column_margin=\u00bbdefault\u00bb column_direction=\u00bbdefault\u00bb column_direction_tablet=\u00bbdefault\u00bb column_direction_phone=\u00bbdefault\u00bb scene_position=\u00bbcenter\u00bb text_color=\u00bbdark\u00bb text_align=\u00bbleft\u00bb row_border_radius=\u00bbnone\u00bb row_border_radius_applies=\u00bbbg\u00bb overflow=\u00bbvisible\u00bb overlay_strength=\u00bb0.3&#8243; gradient_direction=\u00bbleft_to_right\u00bb shape_divider_position=\u00bbbottom\u00bb bg_image_animation=\u00bbnone\u00bb][vc_column column_padding=\u00bbno-extra-padding\u00bb column_padding_tablet=\u00bbinherit\u00bb column_padding_phone=\u00bbinherit\u00bb column_padding_position=\u00bball\u00bb column_element_direction_desktop=\u00bbdefault\u00bb column_element_spacing=\u00bbdefault\u00bb desktop_text_alignment=\u00bbdefault\u00bb tablet_text_alignment=\u00bbdefault\u00bb phone_text_alignment=\u00bbdefault\u00bb background_color_opacity=\u00bb1&#8243; background_hover_color_opacity=\u00bb1&#8243; column_backdrop_filter=\u00bbnone\u00bb column_shadow=\u00bbnone\u00bb&#8230;<\/p>\n","protected":false},"author":1,"featured_media":0,"parent":0,"menu_order":0,"comment_status":"closed","ping_status":"open","template":"","meta":{"footnotes":""},"class_list":["post-3","page","type-page","status-publish"],"yoast_head":"<!-- This site is optimized with the Yoast SEO plugin v26.9 - https:\/\/yoast.com\/product\/yoast-seo-wordpress\/ -->\n<title>Pol\u00edtica de Privacidad - The Shadowed Rune<\/title>\n<meta name=\"robots\" content=\"index, follow, max-snippet:-1, max-image-preview:large, max-video-preview:-1\" \/>\n<link rel=\"canonical\" href=\"https:\/\/theshadowedrune.com\/es\/politica-de-privacidad\/\" \/>\n<meta property=\"og:locale\" content=\"es_ES\" \/>\n<meta property=\"og:type\" content=\"article\" \/>\n<meta property=\"og:title\" content=\"Pol\u00edtica de Privacidad - The Shadowed Rune\" \/>\n<meta property=\"og:description\" content=\"[vc_row type=\u00bbin_container\u00bb full_screen_row_position=\u00bbmiddle\u00bb column_margin=\u00bbdefault\u00bb column_direction=\u00bbdefault\u00bb column_direction_tablet=\u00bbdefault\u00bb column_direction_phone=\u00bbdefault\u00bb scene_position=\u00bbcenter\u00bb text_color=\u00bbdark\u00bb text_align=\u00bbleft\u00bb row_border_radius=\u00bbnone\u00bb row_border_radius_applies=\u00bbbg\u00bb overflow=\u00bbvisible\u00bb overlay_strength=\u00bb0.3&#8243; gradient_direction=\u00bbleft_to_right\u00bb shape_divider_position=\u00bbbottom\u00bb bg_image_animation=\u00bbnone\u00bb][vc_column column_padding=\u00bbno-extra-padding\u00bb column_padding_tablet=\u00bbinherit\u00bb column_padding_phone=\u00bbinherit\u00bb column_padding_position=\u00bball\u00bb column_element_direction_desktop=\u00bbdefault\u00bb column_element_spacing=\u00bbdefault\u00bb desktop_text_alignment=\u00bbdefault\u00bb tablet_text_alignment=\u00bbdefault\u00bb phone_text_alignment=\u00bbdefault\u00bb background_color_opacity=\u00bb1&#8243; background_hover_color_opacity=\u00bb1&#8243; column_backdrop_filter=\u00bbnone\u00bb column_shadow=\u00bbnone\u00bb...\" \/>\n<meta property=\"og:url\" content=\"https:\/\/theshadowedrune.com\/es\/politica-de-privacidad\/\" \/>\n<meta property=\"og:site_name\" content=\"The Shadowed Rune\" \/>\n<meta property=\"article:publisher\" content=\"https:\/\/www.facebook.com\/theshadowedrune\" \/>\n<meta property=\"article:modified_time\" content=\"2025-07-10T03:02:35+00:00\" \/>\n<meta name=\"twitter:card\" content=\"summary_large_image\" \/>\n<meta name=\"twitter:site\" content=\"@TheShadowedRune\" \/>\n<meta name=\"twitter:label1\" content=\"Tiempo de lectura\" \/>\n\t<meta name=\"twitter:data1\" content=\"3 minutos\" \/>\n<script type=\"application\/ld+json\" class=\"yoast-schema-graph\">{\"@context\":\"https:\/\/schema.org\",\"@graph\":[{\"@type\":\"WebPage\",\"@id\":\"https:\/\/theshadowedrune.com\/es\/politica-de-privacidad\/\",\"url\":\"https:\/\/theshadowedrune.com\/es\/politica-de-privacidad\/\",\"name\":\"Pol\u00edtica de Privacidad - The Shadowed Rune\",\"isPartOf\":{\"@id\":\"https:\/\/theshadowedrune.com\/es\/#website\"},\"datePublished\":\"2024-03-15T11:33:07+00:00\",\"dateModified\":\"2025-07-10T03:02:35+00:00\",\"breadcrumb\":{\"@id\":\"https:\/\/theshadowedrune.com\/es\/politica-de-privacidad\/#breadcrumb\"},\"inLanguage\":\"es\",\"potentialAction\":[{\"@type\":\"ReadAction\",\"target\":[\"https:\/\/theshadowedrune.com\/es\/politica-de-privacidad\/\"]}]},{\"@type\":\"BreadcrumbList\",\"@id\":\"https:\/\/theshadowedrune.com\/es\/politica-de-privacidad\/#breadcrumb\",\"itemListElement\":[{\"@type\":\"ListItem\",\"position\":1,\"name\":\"Portada\",\"item\":\"https:\/\/theshadowedrune.com\/es\/\"},{\"@type\":\"ListItem\",\"position\":2,\"name\":\"Pol\u00edtica de Privacidad\"}]},{\"@type\":\"WebSite\",\"@id\":\"https:\/\/theshadowedrune.com\/es\/#website\",\"url\":\"https:\/\/theshadowedrune.com\/es\/\",\"name\":\"The Shadowed Rune\",\"description\":\"Wishlist now in Steam!\",\"publisher\":{\"@id\":\"https:\/\/theshadowedrune.com\/es\/#organization\"},\"potentialAction\":[{\"@type\":\"SearchAction\",\"target\":{\"@type\":\"EntryPoint\",\"urlTemplate\":\"https:\/\/theshadowedrune.com\/es\/?s={search_term_string}\"},\"query-input\":{\"@type\":\"PropertyValueSpecification\",\"valueRequired\":true,\"valueName\":\"search_term_string\"}}],\"inLanguage\":\"es\"},{\"@type\":\"Organization\",\"@id\":\"https:\/\/theshadowedrune.com\/es\/#organization\",\"name\":\"The Shadowed Rune\",\"url\":\"https:\/\/theshadowedrune.com\/es\/\",\"logo\":{\"@type\":\"ImageObject\",\"inLanguage\":\"es\",\"@id\":\"https:\/\/theshadowedrune.com\/es\/#\/schema\/logo\/image\/\",\"url\":\"https:\/\/theshadowedrune.com\/wp-content\/uploads\/2024\/05\/THE_SHADOWED_RUNE_LOGO.png\",\"contentUrl\":\"https:\/\/theshadowedrune.com\/wp-content\/uploads\/2024\/05\/THE_SHADOWED_RUNE_LOGO.png\",\"width\":500,\"height\":253,\"caption\":\"The Shadowed Rune\"},\"image\":{\"@id\":\"https:\/\/theshadowedrune.com\/es\/#\/schema\/logo\/image\/\"},\"sameAs\":[\"https:\/\/www.facebook.com\/theshadowedrune\",\"https:\/\/x.com\/TheShadowedRune\",\"https:\/\/www.instagram.com\/theshadowedrunegame\/\"]}]}<\/script>\n<!-- \/ Yoast SEO plugin. -->","yoast_head_json":{"title":"Pol\u00edtica de Privacidad - The Shadowed Rune","robots":{"index":"index","follow":"follow","max-snippet":"max-snippet:-1","max-image-preview":"max-image-preview:large","max-video-preview":"max-video-preview:-1"},"canonical":"https:\/\/theshadowedrune.com\/es\/politica-de-privacidad\/","og_locale":"es_ES","og_type":"article","og_title":"Pol\u00edtica de Privacidad - The Shadowed Rune","og_description":"[vc_row type=\u00bbin_container\u00bb full_screen_row_position=\u00bbmiddle\u00bb column_margin=\u00bbdefault\u00bb column_direction=\u00bbdefault\u00bb column_direction_tablet=\u00bbdefault\u00bb column_direction_phone=\u00bbdefault\u00bb scene_position=\u00bbcenter\u00bb text_color=\u00bbdark\u00bb text_align=\u00bbleft\u00bb row_border_radius=\u00bbnone\u00bb row_border_radius_applies=\u00bbbg\u00bb overflow=\u00bbvisible\u00bb overlay_strength=\u00bb0.3&#8243; gradient_direction=\u00bbleft_to_right\u00bb shape_divider_position=\u00bbbottom\u00bb bg_image_animation=\u00bbnone\u00bb][vc_column column_padding=\u00bbno-extra-padding\u00bb column_padding_tablet=\u00bbinherit\u00bb column_padding_phone=\u00bbinherit\u00bb column_padding_position=\u00bball\u00bb column_element_direction_desktop=\u00bbdefault\u00bb column_element_spacing=\u00bbdefault\u00bb desktop_text_alignment=\u00bbdefault\u00bb tablet_text_alignment=\u00bbdefault\u00bb phone_text_alignment=\u00bbdefault\u00bb background_color_opacity=\u00bb1&#8243; background_hover_color_opacity=\u00bb1&#8243; column_backdrop_filter=\u00bbnone\u00bb column_shadow=\u00bbnone\u00bb...","og_url":"https:\/\/theshadowedrune.com\/es\/politica-de-privacidad\/","og_site_name":"The Shadowed Rune","article_publisher":"https:\/\/www.facebook.com\/theshadowedrune","article_modified_time":"2025-07-10T03:02:35+00:00","twitter_card":"summary_large_image","twitter_site":"@TheShadowedRune","twitter_misc":{"Tiempo de lectura":"3 minutos"},"schema":{"@context":"https:\/\/schema.org","@graph":[{"@type":"WebPage","@id":"https:\/\/theshadowedrune.com\/es\/politica-de-privacidad\/","url":"https:\/\/theshadowedrune.com\/es\/politica-de-privacidad\/","name":"Pol\u00edtica de Privacidad - The Shadowed Rune","isPartOf":{"@id":"https:\/\/theshadowedrune.com\/es\/#website"},"datePublished":"2024-03-15T11:33:07+00:00","dateModified":"2025-07-10T03:02:35+00:00","breadcrumb":{"@id":"https:\/\/theshadowedrune.com\/es\/politica-de-privacidad\/#breadcrumb"},"inLanguage":"es","potentialAction":[{"@type":"ReadAction","target":["https:\/\/theshadowedrune.com\/es\/politica-de-privacidad\/"]}]},{"@type":"BreadcrumbList","@id":"https:\/\/theshadowedrune.com\/es\/politica-de-privacidad\/#breadcrumb","itemListElement":[{"@type":"ListItem","position":1,"name":"Portada","item":"https:\/\/theshadowedrune.com\/es\/"},{"@type":"ListItem","position":2,"name":"Pol\u00edtica de Privacidad"}]},{"@type":"WebSite","@id":"https:\/\/theshadowedrune.com\/es\/#website","url":"https:\/\/theshadowedrune.com\/es\/","name":"The Shadowed Rune","description":"Wishlist now in Steam!","publisher":{"@id":"https:\/\/theshadowedrune.com\/es\/#organization"},"potentialAction":[{"@type":"SearchAction","target":{"@type":"EntryPoint","urlTemplate":"https:\/\/theshadowedrune.com\/es\/?s={search_term_string}"},"query-input":{"@type":"PropertyValueSpecification","valueRequired":true,"valueName":"search_term_string"}}],"inLanguage":"es"},{"@type":"Organization","@id":"https:\/\/theshadowedrune.com\/es\/#organization","name":"The Shadowed Rune","url":"https:\/\/theshadowedrune.com\/es\/","logo":{"@type":"ImageObject","inLanguage":"es","@id":"https:\/\/theshadowedrune.com\/es\/#\/schema\/logo\/image\/","url":"https:\/\/theshadowedrune.com\/wp-content\/uploads\/2024\/05\/THE_SHADOWED_RUNE_LOGO.png","contentUrl":"https:\/\/theshadowedrune.com\/wp-content\/uploads\/2024\/05\/THE_SHADOWED_RUNE_LOGO.png","width":500,"height":253,"caption":"The Shadowed Rune"},"image":{"@id":"https:\/\/theshadowedrune.com\/es\/#\/schema\/logo\/image\/"},"sameAs":["https:\/\/www.facebook.com\/theshadowedrune","https:\/\/x.com\/TheShadowedRune","https:\/\/www.instagram.com\/theshadowedrunegame\/"]}]}},"_links":{"self":[{"href":"https:\/\/theshadowedrune.com\/es\/wp-json\/wp\/v2\/pages\/3","targetHints":{"allow":["GET"]}}],"collection":[{"href":"https:\/\/theshadowedrune.com\/es\/wp-json\/wp\/v2\/pages"}],"about":[{"href":"https:\/\/theshadowedrune.com\/es\/wp-json\/wp\/v2\/types\/page"}],"author":[{"embeddable":true,"href":"https:\/\/theshadowedrune.com\/es\/wp-json\/wp\/v2\/users\/1"}],"replies":[{"embeddable":true,"href":"https:\/\/theshadowedrune.com\/es\/wp-json\/wp\/v2\/comments?post=3"}],"version-history":[{"count":5,"href":"https:\/\/theshadowedrune.com\/es\/wp-json\/wp\/v2\/pages\/3\/revisions"}],"predecessor-version":[{"id":1501,"href":"https:\/\/theshadowedrune.com\/es\/wp-json\/wp\/v2\/pages\/3\/revisions\/1501"}],"wp:attachment":[{"href":"https:\/\/theshadowedrune.com\/es\/wp-json\/wp\/v2\/media?parent=3"}],"curies":[{"name":"wp","href":"https:\/\/api.w.org\/{rel}","templated":true}]}}