{"id":56,"date":"2024-05-26T21:36:40","date_gmt":"2024-05-26T19:36:40","guid":{"rendered":"https:\/\/theshadowedrune.com\/?page_id=56"},"modified":"2025-07-09T19:33:27","modified_gmt":"2025-07-09T17:33:27","slug":"politica-de-cookies","status":"publish","type":"page","link":"https:\/\/theshadowedrune.com\/es\/politica-de-cookies\/","title":{"rendered":"Pol\u00edtica de Cookies"},"content":{"rendered":"<h3>Pol\u00edtica de Cookies<\/h3>\n<p><strong>The Shadowed Rune Pol\u00edtica de Cookies<\/strong><\/p>\n<p>\u00daltima actualizaci\u00f3n: [Date]\n<p>The Shadowed Rune (\u00abnosotros\u00bb, \u00abnos\u00bb o \u00abnuestro\u00bb) utiliza cookies en nuestro sitio web <a class=\"\" href=\"http:\/\/www.theshadowedrune.com\" target=\"_new\" rel=\"noopener\" data-start=\"87\" data-end=\"110\">www.theshadowedrune.com<\/a> (el \u00abServicio\u00bb). Al usar el Servicio, aceptas el uso de cookies.<\/p>\n<p><strong>\u00bfQue son las cookies?<\/strong><\/p>\n<p>Las cookies son peque\u00f1os archivos de texto enviados por tu navegador web desde un sitio que visitas. Un archivo de cookie se almacena en tu navegador y permite que el Servicio o un tercero te reconozca, facilitando tu pr\u00f3xima visita y haciendo el Servicio m\u00e1s \u00fatil para ti.<\/p>\n<p><strong>C\u00f3mo utiliza The Shadowed Rune las cookies<\/strong><\/p>\n<p data-start=\"0\" data-end=\"139\">Cuando usas y accedes al Servicio, podemos colocar varios archivos de cookies en tu navegador web. Usamos cookies con los siguientes fines:<\/p>\n<ul data-start=\"141\" data-end=\"344\" data-is-last-node=\"\" data-is-only-node=\"\">\n<li data-start=\"141\" data-end=\"190\">\n<p data-start=\"143\" data-end=\"190\">Para habilitar ciertas funciones del Servicio<\/p>\n<\/li>\n<li data-start=\"141\" data-end=\"190\">\n<p data-start=\"143\" data-end=\"190\">Para proporcionar an\u00e1lisis<\/p>\n<\/li>\n<li data-start=\"222\" data-end=\"257\">\n<p data-start=\"224\" data-end=\"257\">Para almacenar tus preferencias<\/p>\n<\/li>\n<li data-start=\"258\" data-end=\"344\" data-is-last-node=\"\">\n<p data-start=\"260\" data-end=\"344\" data-is-last-node=\"\">Para permitir la entrega de anuncios, incluyendo publicidad basada en comportamiento<\/p>\n<\/li>\n<\/ul>\n<p><strong>Tipos de cookies que usamos<\/strong><\/p>\n<ul>\n<li><strong>Esenciales<\/strong>: Podemos usar cookies esenciales para autenticar a los usuarios y prevenir el uso fraudulento de las cuentas de usuario.<\/li>\n<li><strong>Preferencias<\/strong>: Podemos usar cookies de preferencias para recordar informaci\u00f3n que cambia la forma en que el Servicio se comporta o se ve, como la funci\u00f3n de \u00abrecordarme\u00bb de un usuario registrado o la preferencia de idioma del usuario.<\/li>\n<li><strong>Anal\u00edticas<\/strong>: Podemos usar cookies de an\u00e1lisis para rastrear informaci\u00f3n sobre c\u00f3mo se utiliza el Servicio, con el fin de poder realizar mejoras. Tambi\u00e9n podemos usar cookies de an\u00e1lisis para probar nuevos anuncios, p\u00e1ginas, funciones o funcionalidades del Servicio y as\u00ed evaluar c\u00f3mo reaccionan nuestros usuarios a ellas.<\/li>\n<li><strong>Publicidad<\/strong>: Estas cookies se usan para mostrarte anuncios relevantes seg\u00fan tus intereses. Tambi\u00e9n se utilizan para limitar la cantidad de veces que ves un mismo anuncio y para ayudar a medir la efectividad de la campa\u00f1a publicitaria.<\/li>\n<\/ul>\n<p><strong>Cookies de terceros<\/strong><\/p>\n<p>Adem\u00e1s de nuestras propias cookies, tambi\u00e9n podemos usar cookies de terceros para reportar estad\u00edsticas de uso del Servicio, mostrar anuncios dentro y a trav\u00e9s del Servicio, entre otros fines.<\/p>\n<p><strong>\u00bfCu\u00e1les son tus opciones respecto a las cookies?<\/strong><\/p>\n<p>Si deseas eliminar las cookies o configurar tu navegador web para que las elimine o rechace, por favor visita las p\u00e1ginas de ayuda de tu navegador. Ten en cuenta, sin embargo, que si eliminas las cookies o decides no aceptarlas, es posible que no puedas utilizar todas las funciones que ofrecemos, que no se guarden tus preferencias y que algunas p\u00e1ginas no se muestren correctamente.<\/p>\n<p>Para m\u00e1s informaci\u00f3n sobre las cookies, visita <a href=\"http:\/\/www.allaboutcookies.org\/\" target=\"_new\" rel=\"noreferrer noopener\">All About Cookies<\/a>.<\/p>\n","protected":false},"excerpt":{"rendered":"<p>Pol\u00edtica de Cookies The Shadowed Rune Pol\u00edtica de Cookies \u00daltima actualizaci\u00f3n: [Date] The Shadowed Rune (\u00abnosotros\u00bb, \u00abnos\u00bb o \u00abnuestro\u00bb) utiliza cookies en nuestro sitio web www.theshadowedrune.com (el \u00abServicio\u00bb). Al usar&#8230;<\/p>\n","protected":false},"author":1,"featured_media":0,"parent":0,"menu_order":0,"comment_status":"closed","ping_status":"closed","template":"","meta":{"footnotes":""},"class_list":["post-56","page","type-page","status-publish"],"yoast_head":"<!-- This site is optimized with the Yoast SEO plugin v26.9 - https:\/\/yoast.com\/product\/yoast-seo-wordpress\/ -->\n<title>Pol\u00edtica de Cookies - The Shadowed Rune<\/title>\n<meta name=\"description\" content=\"Conoce c\u00f3mo The Shadowed Rune utiliza cookies para mejorar tu experiencia, proteger tu privacidad y gestionar la informaci\u00f3n en nuestro sitio web.\" \/>\n<meta name=\"robots\" content=\"index, follow, max-snippet:-1, max-image-preview:large, max-video-preview:-1\" \/>\n<link rel=\"canonical\" href=\"https:\/\/theshadowedrune.com\/es\/politica-de-cookies\/\" \/>\n<meta property=\"og:locale\" content=\"es_ES\" \/>\n<meta property=\"og:type\" content=\"article\" \/>\n<meta property=\"og:title\" content=\"Pol\u00edtica de Cookies - The Shadowed Rune\" \/>\n<meta property=\"og:description\" content=\"Conoce c\u00f3mo The Shadowed Rune utiliza cookies para mejorar tu experiencia, proteger tu privacidad y gestionar la informaci\u00f3n en nuestro sitio web.\" \/>\n<meta property=\"og:url\" content=\"https:\/\/theshadowedrune.com\/es\/politica-de-cookies\/\" \/>\n<meta property=\"og:site_name\" content=\"The Shadowed Rune\" \/>\n<meta property=\"article:publisher\" content=\"https:\/\/www.facebook.com\/theshadowedrune\" \/>\n<meta property=\"article:modified_time\" content=\"2025-07-09T17:33:27+00:00\" \/>\n<meta name=\"twitter:card\" content=\"summary_large_image\" \/>\n<meta name=\"twitter:site\" content=\"@TheShadowedRune\" \/>\n<meta name=\"twitter:label1\" content=\"Tiempo de lectura\" \/>\n\t<meta name=\"twitter:data1\" content=\"2 minutos\" \/>\n<script type=\"application\/ld+json\" class=\"yoast-schema-graph\">{\"@context\":\"https:\/\/schema.org\",\"@graph\":[{\"@type\":\"WebPage\",\"@id\":\"https:\/\/theshadowedrune.com\/es\/politica-de-cookies\/\",\"url\":\"https:\/\/theshadowedrune.com\/es\/politica-de-cookies\/\",\"name\":\"Pol\u00edtica de Cookies - The Shadowed Rune\",\"isPartOf\":{\"@id\":\"https:\/\/theshadowedrune.com\/es\/#website\"},\"datePublished\":\"2024-05-26T19:36:40+00:00\",\"dateModified\":\"2025-07-09T17:33:27+00:00\",\"description\":\"Conoce c\u00f3mo The Shadowed Rune utiliza cookies para mejorar tu experiencia, proteger tu privacidad y gestionar la informaci\u00f3n en nuestro sitio web.\",\"breadcrumb\":{\"@id\":\"https:\/\/theshadowedrune.com\/es\/politica-de-cookies\/#breadcrumb\"},\"inLanguage\":\"es\",\"potentialAction\":[{\"@type\":\"ReadAction\",\"target\":[\"https:\/\/theshadowedrune.com\/es\/politica-de-cookies\/\"]}]},{\"@type\":\"BreadcrumbList\",\"@id\":\"https:\/\/theshadowedrune.com\/es\/politica-de-cookies\/#breadcrumb\",\"itemListElement\":[{\"@type\":\"ListItem\",\"position\":1,\"name\":\"Portada\",\"item\":\"https:\/\/theshadowedrune.com\/es\/\"},{\"@type\":\"ListItem\",\"position\":2,\"name\":\"Pol\u00edtica de Cookies\"}]},{\"@type\":\"WebSite\",\"@id\":\"https:\/\/theshadowedrune.com\/es\/#website\",\"url\":\"https:\/\/theshadowedrune.com\/es\/\",\"name\":\"The Shadowed Rune\",\"description\":\"Wishlist now in Steam!\",\"publisher\":{\"@id\":\"https:\/\/theshadowedrune.com\/es\/#organization\"},\"potentialAction\":[{\"@type\":\"SearchAction\",\"target\":{\"@type\":\"EntryPoint\",\"urlTemplate\":\"https:\/\/theshadowedrune.com\/es\/?s={search_term_string}\"},\"query-input\":{\"@type\":\"PropertyValueSpecification\",\"valueRequired\":true,\"valueName\":\"search_term_string\"}}],\"inLanguage\":\"es\"},{\"@type\":\"Organization\",\"@id\":\"https:\/\/theshadowedrune.com\/es\/#organization\",\"name\":\"The Shadowed Rune\",\"url\":\"https:\/\/theshadowedrune.com\/es\/\",\"logo\":{\"@type\":\"ImageObject\",\"inLanguage\":\"es\",\"@id\":\"https:\/\/theshadowedrune.com\/es\/#\/schema\/logo\/image\/\",\"url\":\"https:\/\/theshadowedrune.com\/wp-content\/uploads\/2024\/05\/THE_SHADOWED_RUNE_LOGO.png\",\"contentUrl\":\"https:\/\/theshadowedrune.com\/wp-content\/uploads\/2024\/05\/THE_SHADOWED_RUNE_LOGO.png\",\"width\":500,\"height\":253,\"caption\":\"The Shadowed Rune\"},\"image\":{\"@id\":\"https:\/\/theshadowedrune.com\/es\/#\/schema\/logo\/image\/\"},\"sameAs\":[\"https:\/\/www.facebook.com\/theshadowedrune\",\"https:\/\/x.com\/TheShadowedRune\",\"https:\/\/www.instagram.com\/theshadowedrunegame\/\"]}]}<\/script>\n<!-- \/ Yoast SEO plugin. -->","yoast_head_json":{"title":"Pol\u00edtica de Cookies - The Shadowed Rune","description":"Conoce c\u00f3mo The Shadowed Rune utiliza cookies para mejorar tu experiencia, proteger tu privacidad y gestionar la informaci\u00f3n en nuestro sitio web.","robots":{"index":"index","follow":"follow","max-snippet":"max-snippet:-1","max-image-preview":"max-image-preview:large","max-video-preview":"max-video-preview:-1"},"canonical":"https:\/\/theshadowedrune.com\/es\/politica-de-cookies\/","og_locale":"es_ES","og_type":"article","og_title":"Pol\u00edtica de Cookies - The Shadowed Rune","og_description":"Conoce c\u00f3mo The Shadowed Rune utiliza cookies para mejorar tu experiencia, proteger tu privacidad y gestionar la informaci\u00f3n en nuestro sitio web.","og_url":"https:\/\/theshadowedrune.com\/es\/politica-de-cookies\/","og_site_name":"The Shadowed Rune","article_publisher":"https:\/\/www.facebook.com\/theshadowedrune","article_modified_time":"2025-07-09T17:33:27+00:00","twitter_card":"summary_large_image","twitter_site":"@TheShadowedRune","twitter_misc":{"Tiempo de lectura":"2 minutos"},"schema":{"@context":"https:\/\/schema.org","@graph":[{"@type":"WebPage","@id":"https:\/\/theshadowedrune.com\/es\/politica-de-cookies\/","url":"https:\/\/theshadowedrune.com\/es\/politica-de-cookies\/","name":"Pol\u00edtica de Cookies - The Shadowed Rune","isPartOf":{"@id":"https:\/\/theshadowedrune.com\/es\/#website"},"datePublished":"2024-05-26T19:36:40+00:00","dateModified":"2025-07-09T17:33:27+00:00","description":"Conoce c\u00f3mo The Shadowed Rune utiliza cookies para mejorar tu experiencia, proteger tu privacidad y gestionar la informaci\u00f3n en nuestro sitio web.","breadcrumb":{"@id":"https:\/\/theshadowedrune.com\/es\/politica-de-cookies\/#breadcrumb"},"inLanguage":"es","potentialAction":[{"@type":"ReadAction","target":["https:\/\/theshadowedrune.com\/es\/politica-de-cookies\/"]}]},{"@type":"BreadcrumbList","@id":"https:\/\/theshadowedrune.com\/es\/politica-de-cookies\/#breadcrumb","itemListElement":[{"@type":"ListItem","position":1,"name":"Portada","item":"https:\/\/theshadowedrune.com\/es\/"},{"@type":"ListItem","position":2,"name":"Pol\u00edtica de Cookies"}]},{"@type":"WebSite","@id":"https:\/\/theshadowedrune.com\/es\/#website","url":"https:\/\/theshadowedrune.com\/es\/","name":"The Shadowed Rune","description":"Wishlist now in Steam!","publisher":{"@id":"https:\/\/theshadowedrune.com\/es\/#organization"},"potentialAction":[{"@type":"SearchAction","target":{"@type":"EntryPoint","urlTemplate":"https:\/\/theshadowedrune.com\/es\/?s={search_term_string}"},"query-input":{"@type":"PropertyValueSpecification","valueRequired":true,"valueName":"search_term_string"}}],"inLanguage":"es"},{"@type":"Organization","@id":"https:\/\/theshadowedrune.com\/es\/#organization","name":"The Shadowed Rune","url":"https:\/\/theshadowedrune.com\/es\/","logo":{"@type":"ImageObject","inLanguage":"es","@id":"https:\/\/theshadowedrune.com\/es\/#\/schema\/logo\/image\/","url":"https:\/\/theshadowedrune.com\/wp-content\/uploads\/2024\/05\/THE_SHADOWED_RUNE_LOGO.png","contentUrl":"https:\/\/theshadowedrune.com\/wp-content\/uploads\/2024\/05\/THE_SHADOWED_RUNE_LOGO.png","width":500,"height":253,"caption":"The Shadowed Rune"},"image":{"@id":"https:\/\/theshadowedrune.com\/es\/#\/schema\/logo\/image\/"},"sameAs":["https:\/\/www.facebook.com\/theshadowedrune","https:\/\/x.com\/TheShadowedRune","https:\/\/www.instagram.com\/theshadowedrunegame\/"]}]}},"_links":{"self":[{"href":"https:\/\/theshadowedrune.com\/es\/wp-json\/wp\/v2\/pages\/56","targetHints":{"allow":["GET"]}}],"collection":[{"href":"https:\/\/theshadowedrune.com\/es\/wp-json\/wp\/v2\/pages"}],"about":[{"href":"https:\/\/theshadowedrune.com\/es\/wp-json\/wp\/v2\/types\/page"}],"author":[{"embeddable":true,"href":"https:\/\/theshadowedrune.com\/es\/wp-json\/wp\/v2\/users\/1"}],"replies":[{"embeddable":true,"href":"https:\/\/theshadowedrune.com\/es\/wp-json\/wp\/v2\/comments?post=56"}],"version-history":[{"count":5,"href":"https:\/\/theshadowedrune.com\/es\/wp-json\/wp\/v2\/pages\/56\/revisions"}],"predecessor-version":[{"id":1484,"href":"https:\/\/theshadowedrune.com\/es\/wp-json\/wp\/v2\/pages\/56\/revisions\/1484"}],"wp:attachment":[{"href":"https:\/\/theshadowedrune.com\/es\/wp-json\/wp\/v2\/media?parent=56"}],"curies":[{"name":"wp","href":"https:\/\/api.w.org\/{rel}","templated":true}]}}