{"id":64,"date":"2024-05-26T21:43:56","date_gmt":"2024-05-26T19:43:56","guid":{"rendered":"https:\/\/theshadowedrune.com\/?page_id=64"},"modified":"2025-07-09T19:24:01","modified_gmt":"2025-07-09T17:24:01","slug":"aviso-legal","status":"publish","type":"page","link":"https:\/\/theshadowedrune.com\/es\/aviso-legal\/","title":{"rendered":"Aviso Legal"},"content":{"rendered":"<p><strong>Aviso legal de The Shadowed Rune<\/strong><\/p>\n<p>\u00daltima actualizaci\u00f3n: [Date]\n<p><strong>1. Informaci\u00f3n general<\/strong><\/p>\n<p>Este sitio web, <a class=\"\" href=\"http:\/\/www.theshadowedrune.com\" target=\"_new\" rel=\"noopener\" data-start=\"16\" data-end=\"39\">www.theshadowedrune.com<\/a> (el \u00abSitio\u00bb), es propiedad y est\u00e1 gestionado por Javier Mart\u00ednez Vidal, con CIF: 44770029T, ubicado en Ronda R\u00edo Vinalop\u00f3 N\u00ba 48, 03630 Sax, Alicante, Espa\u00f1a. Para cualquier pregunta o consulta, puedes contactarnos en [correo de contacto].<\/p>\n<p><strong>2. Aceptaci\u00f3n de t\u00e9rminos<\/strong><\/p>\n<p>Al acceder y usar el Sitio, aceptas cumplir y estar sujeto a los siguientes t\u00e9rminos y condiciones (los \u00abT\u00e9rminos de Uso\u00bb). Si no est\u00e1s de acuerdo con estos T\u00e9rminos de Uso, por favor no utilices el Sitio.<\/p>\n<p><strong>3. Propiedad intelectual<\/strong><\/p>\n<p>Todo el contenido, materiales y elementos disponibles en el Sitio, incluyendo pero no limitado a texto, gr\u00e1ficos, logotipos, \u00edconos, im\u00e1genes, fragmentos de audio, descargas digitales y software, son propiedad de The Shadowed Rune o de sus proveedores de contenido y est\u00e1n protegidos por leyes internacionales de derechos de autor y marcas registradas. No puedes reproducir, distribuir, modificar, crear obras derivadas, exhibir p\u00fablicamente, ejecutar p\u00fablicamente, republicar, descargar, almacenar o transmitir ninguno de los materiales en nuestro Sitio sin el consentimiento previo por escrito de The Shadowed Rune.<\/p>\n<p><strong>4. Uso del sitio<\/strong><\/p>\n<p data-start=\"0\" data-end=\"91\">Aceptas usar el Sitio \u00fanicamente para fines legales y de acuerdo con estos T\u00e9rminos de Uso.<\/p>\n<p data-start=\"93\" data-end=\"366\" data-is-last-node=\"\" data-is-only-node=\"\">Estamos comprometidos con la protecci\u00f3n de tu privacidad. Esta pol\u00edtica de privacidad explica c\u00f3mo recopilamos, usamos, divulgamos y gestionamos tu informaci\u00f3n personal. Al usar nuestro sitio web, aceptas la recopilaci\u00f3n y el uso de tu informaci\u00f3n conforme a esta pol\u00edtica.<\/p>\n<div class=\"fs-5\">\n<h4>T\u00e9rminos de uso<\/h4>\n<\/div>\n<div class=\"fs-5\">\n<p class=\"text-black mb-2 text-break\">Por favor, revisa detenidamente estos t\u00e9rminos de uso. Tu acceso y uso de este sitio est\u00e1n sujetos a los siguientes t\u00e9rminos y condiciones. Al acceder o usar el sitio, aceptas estar sujeto a estos t\u00e9rminos.<\/p>\n<\/div>\n<div class=\"fs-5\">\n<h4>Informaci\u00f3n del Copyright (derechos de autor)<\/h4>\n<\/div>\n<div class=\"fs-5\">\n<p class=\"text-black mb-2 text-break\">Todo el contenido de este sitio, incluyendo texto, gr\u00e1ficos, logotipos, \u00edconos de botones, im\u00e1genes, fragmentos de audio, descargas digitales, recopilaciones de datos y software, es propiedad de la Compa\u00f1\u00eda o de sus proveedores de contenido y est\u00e1 protegido por leyes internacionales de derechos de autor. La recopilaci\u00f3n de todo el contenido de este sitio es propiedad exclusiva de la Compa\u00f1\u00eda y est\u00e1 protegida por las leyes de derechos de autor de Espa\u00f1a e internacionales.<\/p>\n<\/div>\n<div class=\"fs-5\">\n<h4>Informaci\u00f3n sobre Marcas Registradas<\/h4>\n<\/div>\n<div class=\"fs-5\">\n<p class=\"text-black mb-2 text-break\">Las marcas comerciales, marcas de servicio, dise\u00f1os y logotipos (colectivamente, las \u00abMarcas Registradas\u00bb) que se muestran en este sitio web son marcas registradas y no registradas de la Compa\u00f1\u00eda y de terceros. Aceptas no usar ni exhibir estas Marcas Registradas de ninguna manera sin el consentimiento previo por escrito de la Compa\u00f1\u00eda o del propietario correspondiente de la marca.<\/p>\n<\/div>\n<div class=\"fs-5\">\n<h4>Limitaci\u00f3n de Responsabilidad<\/h4>\n<\/div>\n<div class=\"fs-5\">\n<p class=\"text-black mb-2 text-break\">En ning\u00fan caso la Compa\u00f1\u00eda, sus afiliados, directores, empleados u otros representantes ser\u00e1n responsables por ning\u00fan da\u00f1o que surja o est\u00e9 relacionado con la informaci\u00f3n, productos y servicios proporcionados en este sitio web. Reconoces que esta limitaci\u00f3n de responsabilidad es una parte esencial de este acuerdo.<\/p>\n<\/div>\n<div class=\"fs-5\">\n<h4>Ley Aplicable<\/h4>\n<\/div>\n<div class=\"fs-5\">\n<p class=\"text-black mb-2 text-break\">Este acuerdo se regir\u00e1 e interpretar\u00e1 de acuerdo con las leyes de Espa\u00f1a. Cualquier disputa que surja en virtud de este acuerdo se resolver\u00e1 exclusivamente ante los tribunales de Espa\u00f1a.<\/p>\n<\/div>\n","protected":false},"excerpt":{"rendered":"<p>Aviso legal de The Shadowed Rune \u00daltima actualizaci\u00f3n: [Date] 1. Informaci\u00f3n general Este sitio web, www.theshadowedrune.com (el \u00abSitio\u00bb), es propiedad y est\u00e1 gestionado por Javier Mart\u00ednez Vidal, con CIF: 44770029T,&#8230;<\/p>\n","protected":false},"author":1,"featured_media":0,"parent":0,"menu_order":0,"comment_status":"closed","ping_status":"closed","template":"","meta":{"footnotes":""},"class_list":["post-64","page","type-page","status-publish"],"yoast_head":"<!-- This site is optimized with the Yoast SEO plugin v26.9 - https:\/\/yoast.com\/product\/yoast-seo-wordpress\/ -->\n<title>Aviso Legal - The Shadowed Rune<\/title>\n<meta name=\"description\" content=\"Aviso Legal de The Shadowed Rune Informaci\u00f3n sobre la propiedad, condiciones de uso, protecci\u00f3n de datos y responsabilidad legal para garantizar la transparencia y seguridad de los usuarios.\" \/>\n<meta name=\"robots\" content=\"index, follow, max-snippet:-1, max-image-preview:large, max-video-preview:-1\" \/>\n<link rel=\"canonical\" href=\"https:\/\/theshadowedrune.com\/es\/aviso-legal\/\" \/>\n<meta property=\"og:locale\" content=\"es_ES\" \/>\n<meta property=\"og:type\" content=\"article\" \/>\n<meta property=\"og:title\" content=\"Aviso Legal - The Shadowed Rune\" \/>\n<meta property=\"og:description\" content=\"Aviso Legal de The Shadowed Rune Informaci\u00f3n sobre la propiedad, condiciones de uso, protecci\u00f3n de datos y responsabilidad legal para garantizar la transparencia y seguridad de los usuarios.\" \/>\n<meta property=\"og:url\" content=\"https:\/\/theshadowedrune.com\/es\/aviso-legal\/\" \/>\n<meta property=\"og:site_name\" content=\"The Shadowed Rune\" \/>\n<meta property=\"article:publisher\" content=\"https:\/\/www.facebook.com\/theshadowedrune\" \/>\n<meta property=\"article:modified_time\" content=\"2025-07-09T17:24:01+00:00\" \/>\n<meta name=\"twitter:card\" content=\"summary_large_image\" \/>\n<meta name=\"twitter:site\" content=\"@TheShadowedRune\" \/>\n<meta name=\"twitter:label1\" content=\"Tiempo de lectura\" \/>\n\t<meta name=\"twitter:data1\" content=\"3 minutos\" \/>\n<script type=\"application\/ld+json\" class=\"yoast-schema-graph\">{\"@context\":\"https:\/\/schema.org\",\"@graph\":[{\"@type\":\"WebPage\",\"@id\":\"https:\/\/theshadowedrune.com\/es\/aviso-legal\/\",\"url\":\"https:\/\/theshadowedrune.com\/es\/aviso-legal\/\",\"name\":\"Aviso Legal - The Shadowed Rune\",\"isPartOf\":{\"@id\":\"https:\/\/theshadowedrune.com\/es\/#website\"},\"datePublished\":\"2024-05-26T19:43:56+00:00\",\"dateModified\":\"2025-07-09T17:24:01+00:00\",\"description\":\"Aviso Legal de The Shadowed Rune Informaci\u00f3n sobre la propiedad, condiciones de uso, protecci\u00f3n de datos y responsabilidad legal para garantizar la transparencia y seguridad de los usuarios.\",\"breadcrumb\":{\"@id\":\"https:\/\/theshadowedrune.com\/es\/aviso-legal\/#breadcrumb\"},\"inLanguage\":\"es\",\"potentialAction\":[{\"@type\":\"ReadAction\",\"target\":[\"https:\/\/theshadowedrune.com\/es\/aviso-legal\/\"]}]},{\"@type\":\"BreadcrumbList\",\"@id\":\"https:\/\/theshadowedrune.com\/es\/aviso-legal\/#breadcrumb\",\"itemListElement\":[{\"@type\":\"ListItem\",\"position\":1,\"name\":\"Portada\",\"item\":\"https:\/\/theshadowedrune.com\/es\/\"},{\"@type\":\"ListItem\",\"position\":2,\"name\":\"Aviso Legal\"}]},{\"@type\":\"WebSite\",\"@id\":\"https:\/\/theshadowedrune.com\/es\/#website\",\"url\":\"https:\/\/theshadowedrune.com\/es\/\",\"name\":\"The Shadowed Rune\",\"description\":\"Wishlist now in Steam!\",\"publisher\":{\"@id\":\"https:\/\/theshadowedrune.com\/es\/#organization\"},\"potentialAction\":[{\"@type\":\"SearchAction\",\"target\":{\"@type\":\"EntryPoint\",\"urlTemplate\":\"https:\/\/theshadowedrune.com\/es\/?s={search_term_string}\"},\"query-input\":{\"@type\":\"PropertyValueSpecification\",\"valueRequired\":true,\"valueName\":\"search_term_string\"}}],\"inLanguage\":\"es\"},{\"@type\":\"Organization\",\"@id\":\"https:\/\/theshadowedrune.com\/es\/#organization\",\"name\":\"The Shadowed Rune\",\"url\":\"https:\/\/theshadowedrune.com\/es\/\",\"logo\":{\"@type\":\"ImageObject\",\"inLanguage\":\"es\",\"@id\":\"https:\/\/theshadowedrune.com\/es\/#\/schema\/logo\/image\/\",\"url\":\"https:\/\/theshadowedrune.com\/wp-content\/uploads\/2024\/05\/THE_SHADOWED_RUNE_LOGO.png\",\"contentUrl\":\"https:\/\/theshadowedrune.com\/wp-content\/uploads\/2024\/05\/THE_SHADOWED_RUNE_LOGO.png\",\"width\":500,\"height\":253,\"caption\":\"The Shadowed Rune\"},\"image\":{\"@id\":\"https:\/\/theshadowedrune.com\/es\/#\/schema\/logo\/image\/\"},\"sameAs\":[\"https:\/\/www.facebook.com\/theshadowedrune\",\"https:\/\/x.com\/TheShadowedRune\",\"https:\/\/www.instagram.com\/theshadowedrunegame\/\"]}]}<\/script>\n<!-- \/ Yoast SEO plugin. -->","yoast_head_json":{"title":"Aviso Legal - The Shadowed Rune","description":"Aviso Legal de The Shadowed Rune Informaci\u00f3n sobre la propiedad, condiciones de uso, protecci\u00f3n de datos y responsabilidad legal para garantizar la transparencia y seguridad de los usuarios.","robots":{"index":"index","follow":"follow","max-snippet":"max-snippet:-1","max-image-preview":"max-image-preview:large","max-video-preview":"max-video-preview:-1"},"canonical":"https:\/\/theshadowedrune.com\/es\/aviso-legal\/","og_locale":"es_ES","og_type":"article","og_title":"Aviso Legal - The Shadowed Rune","og_description":"Aviso Legal de The Shadowed Rune Informaci\u00f3n sobre la propiedad, condiciones de uso, protecci\u00f3n de datos y responsabilidad legal para garantizar la transparencia y seguridad de los usuarios.","og_url":"https:\/\/theshadowedrune.com\/es\/aviso-legal\/","og_site_name":"The Shadowed Rune","article_publisher":"https:\/\/www.facebook.com\/theshadowedrune","article_modified_time":"2025-07-09T17:24:01+00:00","twitter_card":"summary_large_image","twitter_site":"@TheShadowedRune","twitter_misc":{"Tiempo de lectura":"3 minutos"},"schema":{"@context":"https:\/\/schema.org","@graph":[{"@type":"WebPage","@id":"https:\/\/theshadowedrune.com\/es\/aviso-legal\/","url":"https:\/\/theshadowedrune.com\/es\/aviso-legal\/","name":"Aviso Legal - The Shadowed Rune","isPartOf":{"@id":"https:\/\/theshadowedrune.com\/es\/#website"},"datePublished":"2024-05-26T19:43:56+00:00","dateModified":"2025-07-09T17:24:01+00:00","description":"Aviso Legal de The Shadowed Rune Informaci\u00f3n sobre la propiedad, condiciones de uso, protecci\u00f3n de datos y responsabilidad legal para garantizar la transparencia y seguridad de los usuarios.","breadcrumb":{"@id":"https:\/\/theshadowedrune.com\/es\/aviso-legal\/#breadcrumb"},"inLanguage":"es","potentialAction":[{"@type":"ReadAction","target":["https:\/\/theshadowedrune.com\/es\/aviso-legal\/"]}]},{"@type":"BreadcrumbList","@id":"https:\/\/theshadowedrune.com\/es\/aviso-legal\/#breadcrumb","itemListElement":[{"@type":"ListItem","position":1,"name":"Portada","item":"https:\/\/theshadowedrune.com\/es\/"},{"@type":"ListItem","position":2,"name":"Aviso Legal"}]},{"@type":"WebSite","@id":"https:\/\/theshadowedrune.com\/es\/#website","url":"https:\/\/theshadowedrune.com\/es\/","name":"The Shadowed Rune","description":"Wishlist now in Steam!","publisher":{"@id":"https:\/\/theshadowedrune.com\/es\/#organization"},"potentialAction":[{"@type":"SearchAction","target":{"@type":"EntryPoint","urlTemplate":"https:\/\/theshadowedrune.com\/es\/?s={search_term_string}"},"query-input":{"@type":"PropertyValueSpecification","valueRequired":true,"valueName":"search_term_string"}}],"inLanguage":"es"},{"@type":"Organization","@id":"https:\/\/theshadowedrune.com\/es\/#organization","name":"The Shadowed Rune","url":"https:\/\/theshadowedrune.com\/es\/","logo":{"@type":"ImageObject","inLanguage":"es","@id":"https:\/\/theshadowedrune.com\/es\/#\/schema\/logo\/image\/","url":"https:\/\/theshadowedrune.com\/wp-content\/uploads\/2024\/05\/THE_SHADOWED_RUNE_LOGO.png","contentUrl":"https:\/\/theshadowedrune.com\/wp-content\/uploads\/2024\/05\/THE_SHADOWED_RUNE_LOGO.png","width":500,"height":253,"caption":"The Shadowed Rune"},"image":{"@id":"https:\/\/theshadowedrune.com\/es\/#\/schema\/logo\/image\/"},"sameAs":["https:\/\/www.facebook.com\/theshadowedrune","https:\/\/x.com\/TheShadowedRune","https:\/\/www.instagram.com\/theshadowedrunegame\/"]}]}},"_links":{"self":[{"href":"https:\/\/theshadowedrune.com\/es\/wp-json\/wp\/v2\/pages\/64","targetHints":{"allow":["GET"]}}],"collection":[{"href":"https:\/\/theshadowedrune.com\/es\/wp-json\/wp\/v2\/pages"}],"about":[{"href":"https:\/\/theshadowedrune.com\/es\/wp-json\/wp\/v2\/types\/page"}],"author":[{"embeddable":true,"href":"https:\/\/theshadowedrune.com\/es\/wp-json\/wp\/v2\/users\/1"}],"replies":[{"embeddable":true,"href":"https:\/\/theshadowedrune.com\/es\/wp-json\/wp\/v2\/comments?post=64"}],"version-history":[{"count":9,"href":"https:\/\/theshadowedrune.com\/es\/wp-json\/wp\/v2\/pages\/64\/revisions"}],"predecessor-version":[{"id":1480,"href":"https:\/\/theshadowedrune.com\/es\/wp-json\/wp\/v2\/pages\/64\/revisions\/1480"}],"wp:attachment":[{"href":"https:\/\/theshadowedrune.com\/es\/wp-json\/wp\/v2\/media?parent=64"}],"curies":[{"name":"wp","href":"https:\/\/api.w.org\/{rel}","templated":true}]}}